{"id":12,"date":"2020-10-30T21:57:19","date_gmt":"2020-10-30T21:57:19","guid":{"rendered":"https:\/\/gueder.com.mx\/?page_id=12"},"modified":"2020-11-25T17:16:19","modified_gmt":"2020-11-25T23:16:19","slug":"el-nuevo-umoma-abre-sus-puertas-2","status":"publish","type":"page","link":"https:\/\/gueder.com.mx\/","title":{"rendered":"Inicia el cambio de tu estilo de vida."},"content":{"rendered":"\n<h4 class=\"has-text-align-center wp-block-heading\">\u00a1SUE\u00d1A! \u00a1VIVE! \u00a1DISFRUTA!<\/h4>\n\n\n\n<div class=\"wp-block-columns alignwide is-layout-flex wp-container-core-columns-is-layout-1 wp-block-columns-is-layout-flex\">\n<div class=\"wp-block-column is-layout-flow wp-block-column-is-layout-flow\">\n<div class=\"wp-block-group\"><div class=\"wp-block-group__inner-container is-layout-flow wp-block-group-is-layout-flow\">\n<figure class=\"wp-block-gallery alignfull columns-1 wp-block-gallery-1 is-layout-flex wp-block-gallery-is-layout-flex\"><ul class=\"blocks-gallery-grid\"><li class=\"blocks-gallery-item\"><figure><img loading=\"lazy\" decoding=\"async\" width=\"450\" height=\"398\" src=\"https:\/\/gueder.com.mx\/wp-content\/uploads\/2020\/11\/cliente-admirable-animado.gif\" alt=\"\" data-id=\"56\" data-full-url=\"https:\/\/gueder.com.mx\/wp-content\/uploads\/2020\/11\/cliente-admirable-animado.gif\" data-link=\"https:\/\/gueder.com.mx\/index.php\/el-nuevo-umoma-abre-sus-puertas-2\/cliente-admirable-animado\/\" class=\"wp-image-56\"\/><\/figure><\/li><\/ul><figcaption class=\"blocks-gallery-caption\">Reg\u00edstrate como Cliente Admirable<\/figcaption><\/figure>\n\n\n\n<h4 class=\"wp-block-heading\">C<strong>LIENTE ADMIRABLE\u00a0SEYT\u00da<\/strong><\/h4>\n\n\n\n<h5 class=\"wp-block-heading\">\u00bfQU\u00c9 ES UN CLIENTE ADMIRABLE?<\/h5>\n\n\n\n<p>Registrarte como cliente admirable no tiene costo, solo llena el formulario y recibir\u00e1s un c\u00f3digo e instrucciones para comprar todos sus productos.<\/p>\n\n\n\n<h6 class=\"wp-block-heading\">VENTAJAS<\/h6>\n\n\n\n<ul class=\"wp-block-list\"><li>Compra productos SEYT\u00da sin intermediarios.<\/li><li>Compras a precio p\u00fablico.\u200b<\/li><li>Registro SIN COSTO.<\/li><li>\u200bCompras en diferentes plataformas: internet, telemarketing y recibes a domicilio.<\/li><li>Pagas con tarjetas bancarias o efectivo (Bancos, Oxxo).\u200b<\/li><li>Sin compras m\u00ednimas ni obligatorias.<\/li><\/ul>\n\n\n\n<div class=\"wp-block-button is-style-outline is-style-outline--5e2a0d2fbce7420a79d1fc44397b2774\"><a class=\"wp-block-button__link\" href=\"https:\/\/portal.omnilife.com\/registro-cliente?distributor_code=1457882ACA&amp;country_code=MEX&amp;lang=es\" target=\"_blank\" rel=\"noreferrer noopener\">Registrarme como Cliente Admirable<\/a><\/div>\n<\/div><\/div>\n\n\n\n<div class=\"wp-block-group\"><div class=\"wp-block-group__inner-container is-layout-flow wp-block-group-is-layout-flow\">\n<figure class=\"wp-block-image alignfull size-full\"><img decoding=\"async\" src=\"https:\/\/gueder.com.mx\/wp-content\/themes\/twentytwenty\/assets\/images\/2020-three-quarters-3.png\" alt=\"\" class=\"wp-image-37\"\/><\/figure>\n\n\n\n<h3 class=\"wp-block-heading\">Testimonio 1<\/h3>\n\n\n\n<p>1 <\/p>\n\n\n\n<div class=\"wp-block-button is-style-outline is-style-outline--b67bd427e381479aab170a22d850eab7\"><a class=\"wp-block-button__link\" href=\"https:\/\/make.wordpress.org\/core\/2019\/09\/27\/block-editor-theme-related-updates-in-wordpress-5-3\/\">Leer m\u00e1s<\/a><\/div>\n<\/div><\/div>\n<\/div>\n\n\n\n<div class=\"wp-block-column is-layout-flow wp-block-column-is-layout-flow\">\n<div class=\"wp-block-group\"><div class=\"wp-block-group__inner-container is-layout-flow wp-block-group-is-layout-flow\">\n<figure class=\"wp-block-gallery alignfull columns-1 wp-block-gallery-2 is-layout-flex wp-block-gallery-is-layout-flex\"><ul class=\"blocks-gallery-grid\"><li class=\"blocks-gallery-item\"><figure><img loading=\"lazy\" decoding=\"async\" width=\"450\" height=\"398\" src=\"https:\/\/gueder.com.mx\/wp-content\/uploads\/2020\/11\/Afiliciacion-animado.gif\" alt=\"\" data-id=\"60\" data-full-url=\"https:\/\/gueder.com.mx\/wp-content\/uploads\/2020\/11\/Afiliciacion-animado.gif\" data-link=\"https:\/\/gueder.com.mx\/index.php\/el-nuevo-umoma-abre-sus-puertas-2\/afiliciacion-animado\/\" class=\"wp-image-60\"\/><\/figure><\/li><\/ul><\/figure>\n\n\n\n<h4 class=\"wp-block-heading\">VENTAJAS DE AFILIARTE COMO\u00a0<strong>EMPRESARIO OMNILIFE \u00a0SEYT\u00da<\/strong><\/h4>\n\n\n\n<ul class=\"wp-block-list\" id=\"block-79cdc504-6f22-4f76-8e7c-a645a05531d9\"><li>Adquieres tu c\u00f3digo de identificaci\u00f3n con validez mundial.<\/li><li>Compras directo con descuento.\u200b<\/li><li>Recibes desde un 20% hasta un 40% de descuento en TODAS tus compras, ya sea para consumo personal o para hacer negocio.<\/li><li>Compras a trav\u00e9s de diferentes plataformas de internet, telemarketing con env\u00edo a domicilio o centros de distribuci\u00f3n exclusivos para empresarios.<\/li><li>Generas ganancias ilimitadas a trav\u00e9s de desarrollar redes de distribuci\u00f3n.\u200b<\/li><li>Califica a viajes nacionales e internacionales.<\/li><li>Capacitaci\u00f3n y liderazgo para que te conviertas en una experta o experto de la l\u00ednea.<\/li><li>Costo de $499 MXN en M\u00e9xico. Sin costo de env\u00edo por pandemia<\/li><\/ul>\n\n\n\n<div class=\"wp-block-button is-style-outline is-style-outline--68016f15f97b5c17f612fec3b7fc1d8e\"><a class=\"wp-block-button__link\" href=\"https:\/\/portal.omnilife.com\/registro?distributor_code=1457882ACA&amp;country_code=MEX&amp;lang=es\" target=\"_blank\" rel=\"noreferrer noopener\">Afiliarme como empresario<\/a><\/div>\n<\/div><\/div>\n\n\n\n<div class=\"wp-block-group\"><div class=\"wp-block-group__inner-container is-layout-flow wp-block-group-is-layout-flow\">\n<figure class=\"wp-block-image alignfull size-full\"><img decoding=\"async\" src=\"https:\/\/gueder.com.mx\/wp-content\/themes\/twentytwenty\/assets\/images\/2020-three-quarters-4.png\" alt=\"\" class=\"wp-image-37\"\/><\/figure>\n\n\n\n<h3 class=\"wp-block-heading\">Testimonio 2<\/h3>\n\n\n\n<p>2<\/p>\n\n\n\n<div class=\"wp-block-button is-style-outline is-style-outline--b67bd427e381479aab170a22d850eab7\"><a class=\"wp-block-button__link\" href=\"https:\/\/make.wordpress.org\/core\/2019\/09\/27\/block-editor-theme-related-updates-in-wordpress-5-3\/\">Leer m\u00e1s<\/a><\/div>\n<\/div><\/div>\n<\/div>\n<\/div>\n\n\n\n<p><\/p>\n\n\n\n<p><\/p>\n","protected":false},"excerpt":{"rendered":"<p>\u00a1SUE\u00d1A! \u00a1VIVE! \u00a1DISFRUTA! CLIENTE ADMIRABLE\u00a0SEYT\u00da \u00bfQU\u00c9 ES UN CLIENTE ADMIRABLE? Registrarte como cliente admirable no tiene costo, solo llena el formulario y recibir\u00e1s un c\u00f3digo e instrucciones para comprar todos sus productos. VENTAJAS Compra productos SEYT\u00da sin intermediarios. Compras a precio p\u00fablico.\u200b Registro SIN COSTO. \u200bCompras en diferentes plataformas: internet, telemarketing y recibes a domicilio. [&hellip;]<\/p>\n","protected":false},"author":1,"featured_media":11,"parent":0,"menu_order":0,"comment_status":"closed","ping_status":"closed","template":"","meta":{"footnotes":""},"class_list":["post-12","page","type-page","status-publish","has-post-thumbnail","hentry"],"_links":{"self":[{"href":"https:\/\/gueder.com.mx\/index.php\/wp-json\/wp\/v2\/pages\/12"}],"collection":[{"href":"https:\/\/gueder.com.mx\/index.php\/wp-json\/wp\/v2\/pages"}],"about":[{"href":"https:\/\/gueder.com.mx\/index.php\/wp-json\/wp\/v2\/types\/page"}],"author":[{"embeddable":true,"href":"https:\/\/gueder.com.mx\/index.php\/wp-json\/wp\/v2\/users\/1"}],"replies":[{"embeddable":true,"href":"https:\/\/gueder.com.mx\/index.php\/wp-json\/wp\/v2\/comments?post=12"}],"version-history":[{"count":3,"href":"https:\/\/gueder.com.mx\/index.php\/wp-json\/wp\/v2\/pages\/12\/revisions"}],"predecessor-version":[{"id":62,"href":"https:\/\/gueder.com.mx\/index.php\/wp-json\/wp\/v2\/pages\/12\/revisions\/62"}],"wp:featuredmedia":[{"embeddable":true,"href":"https:\/\/gueder.com.mx\/index.php\/wp-json\/wp\/v2\/media\/11"}],"wp:attachment":[{"href":"https:\/\/gueder.com.mx\/index.php\/wp-json\/wp\/v2\/media?parent=12"}],"curies":[{"name":"wp","href":"https:\/\/api.w.org\/{rel}","templated":true}]}}